{"id":978,"date":"2021-03-29T11:38:08","date_gmt":"2021-03-29T09:38:08","guid":{"rendered":"http:\/\/ccrpodcast.fr\/?page_id=978"},"modified":"2022-09-22T17:26:32","modified_gmt":"2022-09-22T15:26:32","slug":"je-vous-relis","status":"publish","type":"page","link":"https:\/\/ccrpodcast.fr\/?page_id=978","title":{"rendered":"Je vous relis"},"content":{"rendered":"\n<p class=\"has-accent-1-color has-text-color\"><strong>Mise \u00e0 jour de sept 2022 : par manque de temps, je ne propose d\u00e9sormais plus de relectures, merci de votre compr\u00e9hension.<\/strong><\/p>\n\n\n\n<p>Bonjour,<\/p>\n\n\n\n<p>Si vous \u00eates producteur ou sc\u00e9nariste, et que vous cherchez \u00e0 \u00e9valuer un sc\u00e9nario ou un traitement de fiction, je vous propose mes services de relecteur.<\/p>\n\n\n\n<p>Cela comprend la r\u00e9daction d&rsquo;une fiche de lecture de deux \u00e0 cinq pages (suivant la longueur de votre projet), et, si vous le d\u00e9sirez, un appel visio ou audio pour d\u00e9briefer ensuite ensemble.<\/p>\n\n\n\n<p>Mon retour s&rsquo;\u00e9vertuera \u00e0 analyser les faiblesses de votre r\u00e9cit, en identifiant les axes dramaturgiques \u00e0 revoir afin de vous guider dans sa r\u00e9\u00e9criture : personnages, th\u00e8me, structure, ton, genre, perspective, dialogues, registre, conflit, enjeu, intrigue, etc.<\/p>\n\n\n\n<p>Les tarifs que je pratique se basent sur <a href=\"https:\/\/lecteursanonymes.org\/grille-tarifs\/\" target=\"_blank\" rel=\"noreferrer noopener\">les minima conseill\u00e9s par l&rsquo;association des <em>Lecteurs Anonymes<\/em><\/a>, dont je suis membre.<\/p>\n\n\n\n<ul class=\"wp-block-list\"><li>Lecture d\u2019un sc\u00e9nario de long m\u00e9trage :&nbsp;&nbsp;180 \u20ac jusqu&rsquo;\u00e0 110 pages, 210 \u20ac au-del\u00e0<\/li><li>Lecture d\u2019un \u00e9pisode de s\u00e9rie de 52\u2019 : 120 \u20ac<\/li><li>Lecture d\u2019un \u00e9pisode de s\u00e9rie de 26\u2019 ou moins : 80 \u20ac <\/li><li>Lecture d\u2019un court-m\u00e9trage&nbsp;:&nbsp;80 \u20ac<\/li><li>Lecture d\u2019un synopsis ou d\u2019un traitement :&nbsp;80 \u20ac jusqu\u2019\u00e0 10 pages,&nbsp;100 \u20ac au-del\u00e0<\/li><\/ul>\n\n\n\n<p><em>Sur facture, prix TTC, TVA non applicable.<\/em><\/p>\n\n\n\n<p>Pour toute demande, je vous invite ainsi \u00e0 passer par le <a href=\"http:\/\/ccrpodcast.fr\/?page_id=151\">formulaire de contact<\/a>.<\/p>\n\n\n\n<p>Suivant le volume de demandes et la p\u00e9riode, un d\u00e9lais de r\u00e9ponse et de traitement est \u00e0 pr\u00e9voir.<\/p>\n\n\n\n<p>Merci pour votre confiance, et bon courage dans vos projets !<\/p>\n\n\n\n<p>Baptiste.<\/p>\n","protected":false},"excerpt":{"rendered":"<p>Mise \u00e0 jour de sept 2022 : par manque de temps, je ne propose d\u00e9sormais plus de relectures, merci de votre compr\u00e9hension. Bonjour, Si vous \u00eates producteur ou sc\u00e9nariste, et que vous cherchez \u00e0 \u00e9valuer un sc\u00e9nario ou un traitement de fiction, je vous propose mes services de relecteur. Cela &hellip;<\/p>\n","protected":false},"author":1,"featured_media":0,"parent":0,"menu_order":0,"comment_status":"closed","ping_status":"closed","template":"","meta":{"jetpack_post_was_ever_published":false,"footnotes":""},"class_list":["post-978","page","type-page","status-publish","hentry"],"jetpack_sharing_enabled":true,"jetpack_shortlink":"https:\/\/wp.me\/P94gd6-fM","_links":{"self":[{"href":"https:\/\/ccrpodcast.fr\/index.php?rest_route=\/wp\/v2\/pages\/978","targetHints":{"allow":["GET"]}}],"collection":[{"href":"https:\/\/ccrpodcast.fr\/index.php?rest_route=\/wp\/v2\/pages"}],"about":[{"href":"https:\/\/ccrpodcast.fr\/index.php?rest_route=\/wp\/v2\/types\/page"}],"author":[{"embeddable":true,"href":"https:\/\/ccrpodcast.fr\/index.php?rest_route=\/wp\/v2\/users\/1"}],"replies":[{"embeddable":true,"href":"https:\/\/ccrpodcast.fr\/index.php?rest_route=%2Fwp%2Fv2%2Fcomments&post=978"}],"version-history":[{"count":6,"href":"https:\/\/ccrpodcast.fr\/index.php?rest_route=\/wp\/v2\/pages\/978\/revisions"}],"predecessor-version":[{"id":1089,"href":"https:\/\/ccrpodcast.fr\/index.php?rest_route=\/wp\/v2\/pages\/978\/revisions\/1089"}],"wp:attachment":[{"href":"https:\/\/ccrpodcast.fr\/index.php?rest_route=%2Fwp%2Fv2%2Fmedia&parent=978"}],"curies":[{"name":"wp","href":"https:\/\/api.w.org\/{rel}","templated":true}]}}